{"id":1647,"date":"2024-09-04T19:31:43","date_gmt":"2024-09-04T19:31:43","guid":{"rendered":"http:\/\/engelocgroup.com\/etools\/?page_id=1647"},"modified":"2024-09-05T20:45:15","modified_gmt":"2024-09-05T20:45:15","slug":"quem-somos","status":"publish","type":"page","link":"http:\/\/engelocgroup.com\/etools\/quem-somos\/","title":{"rendered":"QUEM SOMOS"},"content":{"rendered":"<style>.elementor-1647 .elementor-element.elementor-element-244977f{--display:flex;--flex-direction:row;--container-widget-width:initial;--container-widget-height:100%;--container-widget-flex-grow:1;--container-widget-align-self:stretch;--flex-wrap-mobile:wrap;--gap:0px 0px;--row-gap:0px;--column-gap:0px;--padding-top:80px;--padding-bottom:80px;--padding-left:0px;--padding-right:0px;}.elementor-1647 .elementor-element.elementor-element-4c64173{--display:flex;--flex-direction:column;--container-widget-width:100%;--container-widget-height:initial;--container-widget-flex-grow:0;--container-widget-align-self:initial;--flex-wrap-mobile:wrap;}.elementor-1647 .elementor-element.elementor-element-3b1842c .elementor-heading-title{font-family:\"Poppins\", Sans-serif;font-weight:700;color:var( --e-global-color-31cb5e9 );}.elementor-1647 .elementor-element.elementor-element-f9b8f71{text-align:justify;font-family:\"Poppins\", Sans-serif;font-size:17px;color:#000000;}.elementor-1647 .elementor-element.elementor-element-b4c30f7{text-align:justify;font-family:\"Poppins\", Sans-serif;font-size:17px;color:#000000;}.elementor-1647 .elementor-element.elementor-element-7f6b7b5 .elementor-button{font-family:\"Poppins\", Sans-serif;font-size:20px;font-weight:600;background-color:var( --e-global-color-ee05d6e );padding:20px 60px 20px 60px;}.elementor-1647 .elementor-element.elementor-element-6013341{--display:flex;--flex-direction:column;--container-widget-width:100%;--container-widget-height:initial;--container-widget-flex-grow:0;--container-widget-align-self:initial;--flex-wrap-mobile:wrap;--padding-top:60px;--padding-bottom:60px;--padding-left:60px;--padding-right:60px;}@media(min-width:768px){.elementor-1647 .elementor-element.elementor-element-4c64173{--width:50%;}.elementor-1647 .elementor-element.elementor-element-6013341{--width:50%;}}<\/style>\t\t<div data-elementor-type=\"wp-page\" data-elementor-id=\"1647\" class=\"elementor elementor-1647\" data-elementor-post-type=\"page\">\n\t\t\t\t<div class=\"elementor-element elementor-element-244977f e-flex e-con-boxed e-con e-parent\" data-id=\"244977f\" data-element_type=\"container\" data-e-type=\"container\">\n\t\t\t\t\t<div class=\"e-con-inner\">\n\t\t<div class=\"elementor-element elementor-element-4c64173 e-con-full e-flex e-con e-child\" data-id=\"4c64173\" data-element_type=\"container\" data-e-type=\"container\">\n\t\t\t\t<div class=\"elementor-element elementor-element-3b1842c elementor-widget elementor-widget-heading\" data-id=\"3b1842c\" data-element_type=\"widget\" data-e-type=\"widget\" data-widget_type=\"heading.default\">\n\t\t\t\t<div class=\"elementor-widget-container\">\n\t\t\t\t\t<h2 class=\"elementor-heading-title elementor-size-default\">Quem somos<\/h2>\t\t\t\t<\/div>\n\t\t\t\t<\/div>\n\t\t\t\t<div class=\"elementor-element elementor-element-f9b8f71 elementor-widget elementor-widget-text-editor\" data-id=\"f9b8f71\" data-element_type=\"widget\" data-e-type=\"widget\" data-widget_type=\"text-editor.default\">\n\t\t\t\t<div class=\"elementor-widget-container\">\n\t\t\t\t\t\t\t\t\t<p>Engeloc tools \u00e9 o mais novo universo de solu\u00e7\u00f5es em ferramentas para obras, atendendo desde o profissional experiente da constru\u00e7\u00e3o civil, um marceneiro talentoso ou at\u00e9 empresas que buscam diferencial de pre\u00e7o, qualidade das melhores marcas do mercado e rapidez na entrega para toda regi\u00e3o de Manaus em at\u00e9 24horas!<\/p>\t\t\t\t\t\t\t\t<\/div>\n\t\t\t\t<\/div>\n\t\t\t\t<div class=\"elementor-element elementor-element-b4c30f7 elementor-widget elementor-widget-text-editor\" data-id=\"b4c30f7\" data-element_type=\"widget\" data-e-type=\"widget\" data-widget_type=\"text-editor.default\">\n\t\t\t\t<div class=\"elementor-widget-container\">\n\t\t\t\t\t\t\t\t\t<p>Com foco em empresas e profissionais liberais, a E-tools se destaca por: <b>BAIXO CUSTO, ENTREGA EM AT\u00c9 24H, ESTOQUE AMPLO, ATENDIMENTO PREMIUM, BENEF\u00cdCIOS PARA SUA EMPRESA, MELHORES MARCAS e muito mais!<\/b><\/p>\t\t\t\t\t\t\t\t<\/div>\n\t\t\t\t<\/div>\n\t\t\t\t<div class=\"elementor-element elementor-element-7f6b7b5 elementor-widget elementor-widget-button\" data-id=\"7f6b7b5\" data-element_type=\"widget\" data-e-type=\"widget\" data-widget_type=\"button.default\">\n\t\t\t\t<div class=\"elementor-widget-container\">\n\t\t\t\t\t\t\t\t\t<div class=\"elementor-button-wrapper\">\n\t\t\t\t\t<a class=\"elementor-button elementor-button-link elementor-size-sm\" href=\"http:\/\/engelocgroup.com\/etools\">\n\t\t\t\t\t\t<span class=\"elementor-button-content-wrapper\">\n\t\t\t\t\t\t\t\t\t<span class=\"elementor-button-text\">CONHECER A LOJA<\/span>\n\t\t\t\t\t<\/span>\n\t\t\t\t\t<\/a>\n\t\t\t\t<\/div>\n\t\t\t\t\t\t\t\t<\/div>\n\t\t\t\t<\/div>\n\t\t\t\t<\/div>\n\t\t<div class=\"elementor-element elementor-element-6013341 e-con-full e-flex e-con e-child\" data-id=\"6013341\" data-element_type=\"container\" data-e-type=\"container\">\n\t\t\t\t<div class=\"elementor-element elementor-element-e7ab966 elementor-widget elementor-widget-image\" data-id=\"e7ab966\" data-element_type=\"widget\" data-e-type=\"widget\" data-widget_type=\"image.default\">\n\t\t\t\t<div class=\"elementor-widget-container\">\n\t\t\t\t\t\t\t\t\t\t\t\t\t\t\t<img fetchpriority=\"high\" decoding=\"async\" width=\"1405\" height=\"892\" src=\"http:\/\/engelocgroup.com\/etools\/wp-content\/uploads\/2024\/09\/01-E-TOOLS-LOGOTIPO.webp\" class=\"attachment-full size-full wp-image-1650\" alt=\"\" srcset=\"http:\/\/engelocgroup.com\/etools\/wp-content\/uploads\/2024\/09\/01-E-TOOLS-LOGOTIPO.webp 1405w, http:\/\/engelocgroup.com\/etools\/wp-content\/uploads\/2024\/09\/01-E-TOOLS-LOGOTIPO-600x381.webp 600w, http:\/\/engelocgroup.com\/etools\/wp-content\/uploads\/2024\/09\/01-E-TOOLS-LOGOTIPO-64x41.webp 64w, http:\/\/engelocgroup.com\/etools\/wp-content\/uploads\/2024\/09\/01-E-TOOLS-LOGOTIPO-300x190.webp 300w, http:\/\/engelocgroup.com\/etools\/wp-content\/uploads\/2024\/09\/01-E-TOOLS-LOGOTIPO-1024x650.webp 1024w, http:\/\/engelocgroup.com\/etools\/wp-content\/uploads\/2024\/09\/01-E-TOOLS-LOGOTIPO-768x488.webp 768w\" sizes=\"(max-width: 1405px) 100vw, 1405px\" \/>\t\t\t\t\t\t\t\t\t\t\t\t\t\t\t<\/div>\n\t\t\t\t<\/div>\n\t\t\t\t<\/div>\n\t\t\t\t\t<\/div>\n\t\t\t\t<\/div>\n\t\t\t\t<\/div>\n\t\t","protected":false},"excerpt":{"rendered":"<p>Quem somos Engeloc tools \u00e9 o mais novo universo de solu\u00e7\u00f5es em ferramentas para obras, atendendo desde o profissional experiente da constru\u00e7\u00e3o civil, um marceneiro talentoso ou at\u00e9 empresas que buscam diferencial de pre\u00e7o, qualidade das melhores marcas do mercado e rapidez na entrega para toda regi\u00e3o de Manaus em at\u00e9 24horas! Com foco em [&hellip;]<\/p>\n","protected":false},"author":1,"featured_media":0,"parent":0,"menu_order":0,"comment_status":"closed","ping_status":"closed","template":"elementor_header_footer","meta":{"footnotes":""},"class_list":["post-1647","page","type-page","status-publish","hentry"],"_links":{"self":[{"href":"http:\/\/engelocgroup.com\/etools\/wp-json\/wp\/v2\/pages\/1647","targetHints":{"allow":["GET"]}}],"collection":[{"href":"http:\/\/engelocgroup.com\/etools\/wp-json\/wp\/v2\/pages"}],"about":[{"href":"http:\/\/engelocgroup.com\/etools\/wp-json\/wp\/v2\/types\/page"}],"author":[{"embeddable":true,"href":"http:\/\/engelocgroup.com\/etools\/wp-json\/wp\/v2\/users\/1"}],"replies":[{"embeddable":true,"href":"http:\/\/engelocgroup.com\/etools\/wp-json\/wp\/v2\/comments?post=1647"}],"version-history":[{"count":13,"href":"http:\/\/engelocgroup.com\/etools\/wp-json\/wp\/v2\/pages\/1647\/revisions"}],"predecessor-version":[{"id":1746,"href":"http:\/\/engelocgroup.com\/etools\/wp-json\/wp\/v2\/pages\/1647\/revisions\/1746"}],"wp:attachment":[{"href":"http:\/\/engelocgroup.com\/etools\/wp-json\/wp\/v2\/media?parent=1647"}],"curies":[{"name":"wp","href":"https:\/\/api.w.org\/{rel}","templated":true}]}}