{"id":22,"date":"2024-08-13T17:03:37","date_gmt":"2024-08-13T17:03:37","guid":{"rendered":"http:\/\/engelocgroup.com\/etools\/minha-conta\/"},"modified":"2024-09-10T03:22:18","modified_gmt":"2024-09-10T03:22:18","slug":"minha-conta","status":"publish","type":"page","link":"http:\/\/engelocgroup.com\/etools\/minha-conta\/","title":{"rendered":"Minha conta"},"content":{"rendered":"<style>.elementor-22 .elementor-element.elementor-element-24780d1{--display:flex;--flex-direction:column;--container-widget-width:100%;--container-widget-height:initial;--container-widget-flex-grow:0;--container-widget-align-self:initial;--flex-wrap-mobile:wrap;--padding-top:80px;--padding-bottom:0px;--padding-left:0px;--padding-right:0px;}.elementor-22 .elementor-element.elementor-element-8d54585{text-align:start;}.elementor-22 .elementor-element.elementor-element-8d54585 .elementor-heading-title{font-family:\"Poppins\", Sans-serif;font-size:30px;font-weight:600;color:var( --e-global-color-31cb5e9 );}.elementor-22 .elementor-element.elementor-element-8d54585 > .elementor-widget-container{padding:0px 0px 50px 0px;}.elementor-22 .elementor-element.elementor-element-52cb31f{--display:flex;--flex-direction:row;--container-widget-width:initial;--container-widget-height:100%;--container-widget-flex-grow:1;--container-widget-align-self:stretch;--flex-wrap-mobile:wrap;--gap:0px 20px;--row-gap:0px;--column-gap:20px;--padding-top:50px;--padding-bottom:50px;--padding-left:0px;--padding-right:0px;}.elementor-22 .elementor-element.elementor-element-3c330f0{--display:flex;--flex-direction:column;--container-widget-width:100%;--container-widget-height:initial;--container-widget-flex-grow:0;--container-widget-align-self:initial;--flex-wrap-mobile:wrap;--border-radius:20px 20px 20px 20px;--padding-top:20px;--padding-bottom:20px;--padding-left:20px;--padding-right:20px;}.elementor-22 .elementor-element.elementor-element-3c330f0:not(.elementor-motion-effects-element-type-background), .elementor-22 .elementor-element.elementor-element-3c330f0 > .elementor-motion-effects-container > .elementor-motion-effects-layer{background-color:#F8F8F8;}.elementor-22 .elementor-element.elementor-element-f316cbb{text-align:start;}.elementor-22 .elementor-element.elementor-element-f316cbb .elementor-heading-title{font-family:\"Poppins\", Sans-serif;font-weight:600;color:var( --e-global-color-31cb5e9 );}.elementor-22 .elementor-element.elementor-element-f316cbb > .elementor-widget-container{padding:50px 50px 0px 0px;}.elementor-22 .elementor-element.elementor-element-bb1dafc{font-family:\"Poppins\", Sans-serif;font-size:15px;font-weight:500;}.elementor-22 .elementor-element.elementor-element-b3b3afc .elementor-button-content-wrapper{flex-direction:row;}.elementor-22 .elementor-element.elementor-element-b3b3afc .elementor-button .elementor-button-content-wrapper{gap:15px;}.elementor-22 .elementor-element.elementor-element-b3b3afc .elementor-button{font-family:\"Poppins\", Sans-serif;font-size:20px;font-weight:500;background-color:var( --e-global-color-31cb5e9 );border-radius:10px 10px 10px 10px;padding:20px 50px 20px 50px;}.elementor-22 .elementor-element.elementor-element-20b9e3f{--display:flex;--flex-direction:column;--container-widget-width:100%;--container-widget-height:initial;--container-widget-flex-grow:0;--container-widget-align-self:initial;--flex-wrap-mobile:wrap;--border-radius:20px 20px 20px 20px;--padding-top:20px;--padding-bottom:20px;--padding-left:20px;--padding-right:20px;}.elementor-22 .elementor-element.elementor-element-20b9e3f:not(.elementor-motion-effects-element-type-background), .elementor-22 .elementor-element.elementor-element-20b9e3f > .elementor-motion-effects-container > .elementor-motion-effects-layer{background-color:#F8F8F8;}.elementor-22 .elementor-element.elementor-element-855ec54{text-align:start;}.elementor-22 .elementor-element.elementor-element-855ec54 .elementor-heading-title{font-family:\"Poppins\", Sans-serif;font-weight:600;color:var( --e-global-color-31cb5e9 );}.elementor-22 .elementor-element.elementor-element-855ec54 > .elementor-widget-container{padding:50px 50px 0px 0px;}.elementor-22 .elementor-element.elementor-element-b73072a{font-family:\"Poppins\", Sans-serif;font-size:15px;font-weight:500;}.elementor-22 .elementor-element.elementor-element-4ace7cf .elementor-button-content-wrapper{flex-direction:row;}.elementor-22 .elementor-element.elementor-element-4ace7cf .elementor-button .elementor-button-content-wrapper{gap:15px;}.elementor-22 .elementor-element.elementor-element-4ace7cf .elementor-button{font-family:\"Poppins\", Sans-serif;font-size:20px;font-weight:500;background-color:var( --e-global-color-31cb5e9 );border-radius:10px 10px 10px 10px;padding:20px 50px 20px 50px;}.elementor-22 .elementor-element.elementor-element-5c09c6c{--display:flex;--flex-direction:column;--container-widget-width:100%;--container-widget-height:initial;--container-widget-flex-grow:0;--container-widget-align-self:initial;--flex-wrap-mobile:wrap;--padding-top:50px;--padding-bottom:80px;--padding-left:0px;--padding-right:0px;}.elementor-22 .elementor-element.elementor-element-5c09c6c:not(.elementor-motion-effects-element-type-background), .elementor-22 .elementor-element.elementor-element-5c09c6c > .elementor-motion-effects-container > .elementor-motion-effects-layer{background-color:#F7F7F7;}.elementor-22 .elementor-element.elementor-element-d9d9625{--tab-content-spacing:40px;--tabs-normal-color:#FFFFFF;--tabs-hover-color:#FFFFFF;--tabs-active-color:#FFFFFF;--tabs-border-radius:10px 10px 10px 10px;--tabs-padding:20px 20px 20px 20px;}.elementor-22 .elementor-element.elementor-element-d9d9625 .e-my-account-tab .woocommerce .woocommerce-MyAccount-navigation ul li a{font-family:\"Poppins\", Sans-serif;font-weight:600;border-width:0px 0px 0px 0px;}.elementor-22 .elementor-element.elementor-element-d9d9625 .e-my-account-tab .woocommerce .woocommerce-MyAccount-navigation ul li:not(.is-active) a{background-color:var( --e-global-color-31cb5e9 );}.elementor-22 .elementor-element.elementor-element-d9d9625 .e-my-account-tab .woocommerce .woocommerce-MyAccount-navigation ul li a:hover{background-color:var( --e-global-color-ee05d6e );}.elementor-22 .elementor-element.elementor-element-d9d9625 .e-my-account-tab .woocommerce .woocommerce-MyAccount-navigation ul li.is-active a{background-color:var( --e-global-color-ee05d6e );}.elementor-22 .elementor-element.elementor-element-d9d9625 .e-my-account-tab:not(.e-my-account-tab__dashboard--custom) h2, .elementor-22 .elementor-element.elementor-element-d9d9625 .e-my-account-tab:not(.e-my-account-tab__dashboard--custom) h3{font-family:\"Poppins\", Sans-serif;font-size:17px;font-weight:500;}.elementor-22 .elementor-element.elementor-element-d9d9625 .woocommerce-form-row label, .elementor-22 .elementor-element.elementor-element-d9d9625 .woocommerce-address-fields label{font-family:\"Poppins\", Sans-serif;font-size:18px;}.elementor-22 .elementor-element.elementor-element-d9d9625 > .elementor-widget-container{padding:12px 12px 12px 12px;}@media(max-width:767px){.elementor-22 .elementor-element.elementor-element-b3b3afc .elementor-button{font-size:16px;}.elementor-22 .elementor-element.elementor-element-4ace7cf .elementor-button{font-size:16px;}}@media(min-width:768px){.elementor-22 .elementor-element.elementor-element-24780d1{--content-width:1100px;}.elementor-22 .elementor-element.elementor-element-3c330f0{--width:50%;}.elementor-22 .elementor-element.elementor-element-20b9e3f{--width:50%;}}<\/style>\t\t<div data-elementor-type=\"wp-page\" data-elementor-id=\"22\" class=\"elementor elementor-22\" data-elementor-post-type=\"page\">\n\t\t\t\t<div class=\"elementor-element elementor-element-24780d1 e-flex e-con-boxed e-con e-parent\" data-id=\"24780d1\" data-element_type=\"container\" data-e-type=\"container\" data-settings=\"{&quot;background_background&quot;:&quot;classic&quot;}\">\n\t\t\t\t\t<div class=\"e-con-inner\">\n\t\t\t\t\t<\/div>\n\t\t\t\t<\/div>\n\t\t<div class=\"elementor-element elementor-element-52cb31f e-flex e-con-boxed e-con e-parent\" data-id=\"52cb31f\" data-element_type=\"container\" data-e-type=\"container\">\n\t\t\t\t\t<div class=\"e-con-inner\">\n\t\t<div class=\"elementor-element elementor-element-3c330f0 e-con-full e-flex e-con e-child\" data-id=\"3c330f0\" data-element_type=\"container\" data-e-type=\"container\" data-settings=\"{&quot;background_background&quot;:&quot;classic&quot;}\">\n\t\t\t\t<div class=\"elementor-element elementor-element-f316cbb elementor-widget elementor-widget-heading\" data-id=\"f316cbb\" data-element_type=\"widget\" data-e-type=\"widget\" data-widget_type=\"heading.default\">\n\t\t\t\t<div class=\"elementor-widget-container\">\n\t\t\t\t\t<h2 class=\"elementor-heading-title elementor-size-default\">Ver meus pedidos<\/h2>\t\t\t\t<\/div>\n\t\t\t\t<\/div>\n\t\t\t\t<div class=\"elementor-element elementor-element-bb1dafc elementor-widget elementor-widget-text-editor\" data-id=\"bb1dafc\" data-element_type=\"widget\" data-e-type=\"widget\" data-widget_type=\"text-editor.default\">\n\t\t\t\t<div class=\"elementor-widget-container\">\n\t\t\t\t\t\t\t\t\t<p>Clique no bot\u00e3o para acompanhar seus pedidos no site.<\/p>\t\t\t\t\t\t\t\t<\/div>\n\t\t\t\t<\/div>\n\t\t\t\t<div class=\"elementor-element elementor-element-b3b3afc elementor-align-justify elementor-widget elementor-widget-button\" data-id=\"b3b3afc\" data-element_type=\"widget\" data-e-type=\"widget\" data-widget_type=\"button.default\">\n\t\t\t\t<div class=\"elementor-widget-container\">\n\t\t\t\t\t\t\t\t\t<div class=\"elementor-button-wrapper\">\n\t\t\t\t\t<a class=\"elementor-button elementor-button-link elementor-size-sm\" href=\"http:\/\/engelocgroup.com\/etools\/minha-conta\/pedidos\">\n\t\t\t\t\t\t<span class=\"elementor-button-content-wrapper\">\n\t\t\t\t\t\t<span class=\"elementor-button-icon\">\n\t\t\t\t<svg aria-hidden=\"true\" class=\"e-font-icon-svg e-fas-shopping-cart\" viewBox=\"0 0 576 512\" xmlns=\"http:\/\/www.w3.org\/2000\/svg\"><path d=\"M528.12 301.319l47.273-208C578.806 78.301 567.391 64 551.99 64H159.208l-9.166-44.81C147.758 8.021 137.93 0 126.529 0H24C10.745 0 0 10.745 0 24v16c0 13.255 10.745 24 24 24h69.883l70.248 343.435C147.325 417.1 136 435.222 136 456c0 30.928 25.072 56 56 56s56-25.072 56-56c0-15.674-6.447-29.835-16.824-40h209.647C430.447 426.165 424 440.326 424 456c0 30.928 25.072 56 56 56s56-25.072 56-56c0-22.172-12.888-41.332-31.579-50.405l5.517-24.276c3.413-15.018-8.002-29.319-23.403-29.319H218.117l-6.545-32h293.145c11.206 0 20.92-7.754 23.403-18.681z\"><\/path><\/svg>\t\t\t<\/span>\n\t\t\t\t\t\t\t\t\t<span class=\"elementor-button-text\">Ver meus pedidos<\/span>\n\t\t\t\t\t<\/span>\n\t\t\t\t\t<\/a>\n\t\t\t\t<\/div>\n\t\t\t\t\t\t\t\t<\/div>\n\t\t\t\t<\/div>\n\t\t\t\t<\/div>\n\t\t<div class=\"elementor-element elementor-element-20b9e3f e-con-full e-flex e-con e-child\" data-id=\"20b9e3f\" data-element_type=\"container\" data-e-type=\"container\" data-settings=\"{&quot;background_background&quot;:&quot;classic&quot;}\">\n\t\t\t\t<div class=\"elementor-element elementor-element-855ec54 elementor-widget elementor-widget-heading\" data-id=\"855ec54\" data-element_type=\"widget\" data-e-type=\"widget\" data-widget_type=\"heading.default\">\n\t\t\t\t<div class=\"elementor-widget-container\">\n\t\t\t\t\t<h2 class=\"elementor-heading-title elementor-size-default\">Falar com suporte<\/h2>\t\t\t\t<\/div>\n\t\t\t\t<\/div>\n\t\t\t\t<div class=\"elementor-element elementor-element-b73072a elementor-widget elementor-widget-text-editor\" data-id=\"b73072a\" data-element_type=\"widget\" data-e-type=\"widget\" data-widget_type=\"text-editor.default\">\n\t\t\t\t<div class=\"elementor-widget-container\">\n\t\t\t\t\t\t\t\t\t<p>Clique no bot\u00e3o para falar com o suporte.<\/p>\t\t\t\t\t\t\t\t<\/div>\n\t\t\t\t<\/div>\n\t\t\t\t<div class=\"elementor-element elementor-element-4ace7cf elementor-align-justify elementor-widget elementor-widget-button\" data-id=\"4ace7cf\" data-element_type=\"widget\" data-e-type=\"widget\" data-widget_type=\"button.default\">\n\t\t\t\t<div class=\"elementor-widget-container\">\n\t\t\t\t\t\t\t\t\t<div class=\"elementor-button-wrapper\">\n\t\t\t\t\t<a class=\"elementor-button elementor-button-link elementor-size-sm\" href=\"#\">\n\t\t\t\t\t\t<span class=\"elementor-button-content-wrapper\">\n\t\t\t\t\t\t<span class=\"elementor-button-icon\">\n\t\t\t\t<i aria-hidden=\"true\" class=\"jki jki-whatsapp-1-light\"><\/i>\t\t\t<\/span>\n\t\t\t\t\t\t\t\t\t<span class=\"elementor-button-text\">Falar com o suporte<\/span>\n\t\t\t\t\t<\/span>\n\t\t\t\t\t<\/a>\n\t\t\t\t<\/div>\n\t\t\t\t\t\t\t\t<\/div>\n\t\t\t\t<\/div>\n\t\t\t\t<\/div>\n\t\t\t\t\t<\/div>\n\t\t\t\t<\/div>\n\t\t<div class=\"elementor-element elementor-element-5c09c6c e-flex e-con-boxed e-con e-parent\" data-id=\"5c09c6c\" data-element_type=\"container\" data-e-type=\"container\" data-settings=\"{&quot;background_background&quot;:&quot;classic&quot;}\">\n\t\t\t\t\t<div class=\"e-con-inner\">\n\t\t\t\t<div class=\"elementor-element elementor-element-d9d9625 e-my-account-tabs-vertical elementor-widget elementor-widget-woocommerce-my-account\" data-id=\"d9d9625\" data-element_type=\"widget\" data-e-type=\"widget\" data-widget_type=\"woocommerce-my-account.default\">\n\t\t\t\t<div class=\"elementor-widget-container\">\n\t\t\t\t\t<div class=\"e-my-account-tab e-my-account-tab__ \">\t\t\t<div class=\"woocommerce\"><\/div>\t\t<\/div>\n\t\t\t\t\t\t<\/div>\n\t\t\t\t<\/div>\n\t\t\t\t\t<\/div>\n\t\t\t\t<\/div>\n\t\t\t\t<\/div>\n\t\t","protected":false},"excerpt":{"rendered":"<p>Ver meus pedidos Clique no bot\u00e3o para acompanhar seus pedidos no site. Ver meus pedidos Falar com suporte Clique no bot\u00e3o para falar com o suporte. Falar com o suporte Dashboard Pedidos Downloads Endere\u00e7os Detalhes da conta Wishlist Sair da conta Ol\u00e1, vict0r (n\u00e3o \u00e9 vict0r? Sair) A partir do painel de controle de sua [&hellip;]<\/p>\n","protected":false},"author":1,"featured_media":0,"parent":0,"menu_order":0,"comment_status":"closed","ping_status":"closed","template":"elementor_header_footer","meta":{"footnotes":""},"class_list":["post-22","page","type-page","status-publish","hentry"],"_links":{"self":[{"href":"http:\/\/engelocgroup.com\/etools\/wp-json\/wp\/v2\/pages\/22","targetHints":{"allow":["GET"]}}],"collection":[{"href":"http:\/\/engelocgroup.com\/etools\/wp-json\/wp\/v2\/pages"}],"about":[{"href":"http:\/\/engelocgroup.com\/etools\/wp-json\/wp\/v2\/types\/page"}],"author":[{"embeddable":true,"href":"http:\/\/engelocgroup.com\/etools\/wp-json\/wp\/v2\/users\/1"}],"replies":[{"embeddable":true,"href":"http:\/\/engelocgroup.com\/etools\/wp-json\/wp\/v2\/comments?post=22"}],"version-history":[{"count":29,"href":"http:\/\/engelocgroup.com\/etools\/wp-json\/wp\/v2\/pages\/22\/revisions"}],"predecessor-version":[{"id":1809,"href":"http:\/\/engelocgroup.com\/etools\/wp-json\/wp\/v2\/pages\/22\/revisions\/1809"}],"wp:attachment":[{"href":"http:\/\/engelocgroup.com\/etools\/wp-json\/wp\/v2\/media?parent=22"}],"curies":[{"name":"wp","href":"https:\/\/api.w.org\/{rel}","templated":true}]}}