{"id":1207,"date":"2024-09-04T18:01:07","date_gmt":"2024-09-04T18:01:07","guid":{"rendered":"http:\/\/engelocgroup.com\/etools\/produto\/bateria-12v-1500ah\/"},"modified":"2025-07-07T08:32:35","modified_gmt":"2025-07-07T12:32:35","slug":"bateria-12v-1500ah","status":"publish","type":"product","link":"http:\/\/engelocgroup.com\/etools\/produto\/bateria-12v-1500ah\/","title":{"rendered":"BATERIA 12V-1500Ah"},"content":{"rendered":"<p><strong>Bateria 12V-1500Ah MPB<\/strong><\/p>\n<p>O Carregador Extra Power Menegotti 12V 1,5AMP de \u00edons de l\u00edtio representa uma solu\u00e7\u00e3o de carregamento confi\u00e1vel e eficiente, projetada para atender \u00e0s demandas dos usu\u00e1rios mais exigentes. Equipado com c\u00e9lulas de \u00cdons de L\u00edtio de \u00faltima gera\u00e7\u00e3o, este carregador oferece benef\u00edcios significativos, incluindo a aus\u00eancia de efeito mem\u00f3ria e descarga m\u00ednima em repouso.<\/p>\n<p>Isso significa que suas baterias permanecer\u00e3o prontas para uso sempre que necess\u00e1rio, sem a necessidade de descarregamento completo antes da recarga.<\/p>\n<p><strong>Conte\u00fado da embalagem<\/strong><br \/>1 \u2013 Bateria<\/p>\n","protected":false},"excerpt":{"rendered":"<p>Bateria 12V-1500Ah MPB O Carregador Extra Power Menegotti 12V 1,5AMP de \u00edons de l\u00edtio representa uma solu\u00e7\u00e3o de carregamento confi\u00e1vel e eficiente, projetada para atender \u00e0s demandas dos usu\u00e1rios mais exigentes. Equipado com c\u00e9lulas de \u00cdons de L\u00edtio de \u00faltima gera\u00e7\u00e3o, este carregador oferece benef\u00edcios significativos, incluindo a aus\u00eancia de efeito mem\u00f3ria e descarga m\u00ednima [&hellip;]<\/p>\n","protected":false},"featured_media":1206,"comment_status":"open","ping_status":"closed","template":"","meta":[],"product_brand":[],"product_cat":[45],"product_tag":[],"class_list":{"0":"post-1207","1":"product","2":"type-product","3":"status-publish","4":"has-post-thumbnail","6":"product_cat-carregadores","8":"first","9":"outofstock","10":"shipping-taxable","11":"purchasable","12":"product-type-simple"},"_links":{"self":[{"href":"http:\/\/engelocgroup.com\/etools\/wp-json\/wp\/v2\/product\/1207","targetHints":{"allow":["GET"]}}],"collection":[{"href":"http:\/\/engelocgroup.com\/etools\/wp-json\/wp\/v2\/product"}],"about":[{"href":"http:\/\/engelocgroup.com\/etools\/wp-json\/wp\/v2\/types\/product"}],"replies":[{"embeddable":true,"href":"http:\/\/engelocgroup.com\/etools\/wp-json\/wp\/v2\/comments?post=1207"}],"wp:featuredmedia":[{"embeddable":true,"href":"http:\/\/engelocgroup.com\/etools\/wp-json\/wp\/v2\/media\/1206"}],"wp:attachment":[{"href":"http:\/\/engelocgroup.com\/etools\/wp-json\/wp\/v2\/media?parent=1207"}],"wp:term":[{"taxonomy":"product_brand","embeddable":true,"href":"http:\/\/engelocgroup.com\/etools\/wp-json\/wp\/v2\/product_brand?post=1207"},{"taxonomy":"product_cat","embeddable":true,"href":"http:\/\/engelocgroup.com\/etools\/wp-json\/wp\/v2\/product_cat?post=1207"},{"taxonomy":"product_tag","embeddable":true,"href":"http:\/\/engelocgroup.com\/etools\/wp-json\/wp\/v2\/product_tag?post=1207"}],"curies":[{"name":"wp","href":"https:\/\/api.w.org\/{rel}","templated":true}]}}