{"id":1209,"date":"2024-09-04T18:01:10","date_gmt":"2024-09-04T18:01:10","guid":{"rendered":"http:\/\/engelocgroup.com\/etools\/produto\/bateria-20v-4000-ah-intercambiavel\/"},"modified":"2025-07-04T10:26:37","modified_gmt":"2025-07-04T14:26:37","slug":"bateria-20v-4000-ah-intercambiavel","status":"publish","type":"product","link":"http:\/\/engelocgroup.com\/etools\/produto\/bateria-20v-4000-ah-intercambiavel\/","title":{"rendered":"Bateria 20V-4000 Ah Intercambiavel"},"content":{"rendered":"<p><strong>Bateria 20V-4000Ah MBI-20 Intercambi\u00e1vel <\/strong><\/p>\n<p>A bateria de \u00edons de l\u00edtio de 20V e 4 Ah \u00e9 a escolha ideal para todos os profissionais que possuem ferramentas da linha sem fio. Compat\u00edvel com todas as novas ferramentas do sistema Intercambi\u00e1vel, essa bateria permite que voc\u00ea combine-as para obter a pot\u00eancia necess\u00e1ria para seus projetos mais exigentes.<\/p>\n<p>Oferecendo todo o desempenho necess\u00e1rio para um longo dia de trabalho e muito mais, a bateria de \u00edon de l\u00edtio \u00e9 a garantia de que suas ferramentas funcionar\u00e3o sem problemas quando voc\u00ea mais precisar delas.<\/p>\n<p>Com tecnologia aprimorada, ela possui uma vida \u00fatil prolongada, m\u00ednima descarga autom\u00e1tica e n\u00e3o sofre do efeito mem\u00f3ria, garantindo sua confiabilidade a longo prazo.<\/p>\n<p>Al\u00e9m disso, esta bateria apresenta caracter\u00edsticas como alta capacidade e tecnologia de bateria aprimorada, garantindo um desempenho consistente em todas as suas tarefas. Seu trilho resistente mant\u00e9m a bateria firmemente fixada no lugar, proporcionando seguran\u00e7a durante o uso. E com o indicador de carga, voc\u00ea sempre saber\u00e1 quando \u00e9 hora de recarregar, garantindo que suas ferramentas estejam sempre prontas para o trabalho.<\/p>\n<p><strong>Conte\u00fado da embalagem<\/strong><\/p>\n<p>1 \u2013 Bateria<\/p>\n","protected":false},"excerpt":{"rendered":"<p>Bateria 20V-4000Ah MBI-20 Intercambi\u00e1vel A bateria de \u00edons de l\u00edtio de 20V e 4 Ah \u00e9 a escolha ideal para todos os profissionais que possuem ferramentas da linha sem fio. Compat\u00edvel com todas as novas ferramentas do sistema Intercambi\u00e1vel, essa bateria permite que voc\u00ea combine-as para obter a pot\u00eancia necess\u00e1ria para seus projetos mais exigentes. [&hellip;]<\/p>\n","protected":false},"featured_media":1208,"comment_status":"open","ping_status":"closed","template":"","meta":[],"product_brand":[],"product_cat":[45],"product_tag":[],"class_list":{"0":"post-1209","1":"product","2":"type-product","3":"status-publish","4":"has-post-thumbnail","6":"product_cat-carregadores","8":"first","9":"outofstock","10":"shipping-taxable","11":"purchasable","12":"product-type-simple"},"_links":{"self":[{"href":"http:\/\/engelocgroup.com\/etools\/wp-json\/wp\/v2\/product\/1209","targetHints":{"allow":["GET"]}}],"collection":[{"href":"http:\/\/engelocgroup.com\/etools\/wp-json\/wp\/v2\/product"}],"about":[{"href":"http:\/\/engelocgroup.com\/etools\/wp-json\/wp\/v2\/types\/product"}],"replies":[{"embeddable":true,"href":"http:\/\/engelocgroup.com\/etools\/wp-json\/wp\/v2\/comments?post=1209"}],"wp:featuredmedia":[{"embeddable":true,"href":"http:\/\/engelocgroup.com\/etools\/wp-json\/wp\/v2\/media\/1208"}],"wp:attachment":[{"href":"http:\/\/engelocgroup.com\/etools\/wp-json\/wp\/v2\/media?parent=1209"}],"wp:term":[{"taxonomy":"product_brand","embeddable":true,"href":"http:\/\/engelocgroup.com\/etools\/wp-json\/wp\/v2\/product_brand?post=1209"},{"taxonomy":"product_cat","embeddable":true,"href":"http:\/\/engelocgroup.com\/etools\/wp-json\/wp\/v2\/product_cat?post=1209"},{"taxonomy":"product_tag","embeddable":true,"href":"http:\/\/engelocgroup.com\/etools\/wp-json\/wp\/v2\/product_tag?post=1209"}],"curies":[{"name":"wp","href":"https:\/\/api.w.org\/{rel}","templated":true}]}}