{"id":1285,"date":"2024-09-04T18:03:57","date_gmt":"2024-09-04T18:03:57","guid":{"rendered":"http:\/\/engelocgroup.com\/etools\/produto\/caixa-de-ferramentas-max-menegotti-106-pecas\/"},"modified":"2025-07-01T13:21:34","modified_gmt":"2025-07-01T17:21:34","slug":"caixa-de-ferramentas-max-menegotti-106-pecas","status":"publish","type":"product","link":"http:\/\/engelocgroup.com\/etools\/produto\/caixa-de-ferramentas-max-menegotti-106-pecas\/","title":{"rendered":"CAIXA DE FERRAMENTAS MAX MENEGOTTI &#8211; 106 Pe\u00e7as"},"content":{"rendered":"<p>A Caixa de Ferramentas Menegotti oferece uma variedade de ferramentas projetadas para atender \u00e0s demandas de diversas atividades, abrangendo trabalhos de manuten\u00e7\u00e3o, mec\u00e2nica e at\u00e9 mesmo constru\u00e7\u00e3o.<\/p>\n<p>Isso \u00e9 o resultado de mais de 8 d\u00e9cadas de compromisso inabal\u00e1vel com a qualidade e a excel\u00eancia.<\/p>\n<p><strong>\u2022 Conjunto de Ferramentas\u00a0MAX<\/strong><\/p>\n<p>01 Barra de Extens\u00e3o de \u00bc\u201d 50mm<br \/>\n01 Conex\u00e3o articulada \u00bc\u201d<br \/>\n01 Conex\u00e3o articulada \u00bd\u201d<br \/>\n01 Barra de extens\u00e3o \u00bc\u201d flex\u00edvel 150mm<br \/>\n01 Soquete de Vela com Encaixe de \u00bd\u201d 16mm<br \/>\n01 Soquete de Vela com Encaixe de \u00bd\u201d 21mm<br \/>\n01 Adaptador de 3 vias \u00bc para \u00bd<br \/>\n01 Barra de Extens\u00e3o de \u201c \u00bc 100mm<br \/>\n01 Alicate de Corte 6\u201d<br \/>\n01 Alicate Bomba D\u2019\u00c1gua 9,5\u201d<br \/>\n01 Alicate de Bico 6\u201d<br \/>\n01 Barra de Extens\u00e3o de \u00bd\u201d 125mm<br \/>\n11 Chaves Combinadas<br \/>\n01 Catraca Revers\u00edvel com encaixe de \u00bd\u201d<br \/>\n01 Catraca Revers\u00edvel com encaixe de \u00bc\u201d<br \/>\n11 Soquetes com Encaixe de \u00bc<br \/>\n15 Soquetes com Encaixe de \u00bd<br \/>\n40 Bits variados 25mm<br \/>\n08 Chaves Hexagonais<br \/>\n02 Chaves de Fenda<br \/>\n02 Chaves de Phillips<br \/>\n01 Chave Multiuso Catraca<br \/>\n01 Maleta<\/p>\n","protected":false},"excerpt":{"rendered":"<p>A Caixa de Ferramentas Menegotti oferece uma variedade de ferramentas projetadas para atender \u00e0s demandas de diversas atividades, abrangendo trabalhos de manuten\u00e7\u00e3o, mec\u00e2nica e at\u00e9 mesmo constru\u00e7\u00e3o. Isso \u00e9 o resultado de mais de 8 d\u00e9cadas de compromisso inabal\u00e1vel com a qualidade e a excel\u00eancia. \u2022 Conjunto de Ferramentas\u00a0MAX 01 Barra de Extens\u00e3o de \u00bc\u201d [&hellip;]<\/p>\n","protected":false},"featured_media":1284,"comment_status":"open","ping_status":"closed","template":"","meta":[],"product_brand":[],"product_cat":[43],"product_tag":[],"class_list":{"0":"post-1285","1":"product","2":"type-product","3":"status-publish","4":"has-post-thumbnail","6":"product_cat-ferramentas-manuais","8":"first","9":"outofstock","10":"shipping-taxable","11":"purchasable","12":"product-type-simple"},"_links":{"self":[{"href":"http:\/\/engelocgroup.com\/etools\/wp-json\/wp\/v2\/product\/1285","targetHints":{"allow":["GET"]}}],"collection":[{"href":"http:\/\/engelocgroup.com\/etools\/wp-json\/wp\/v2\/product"}],"about":[{"href":"http:\/\/engelocgroup.com\/etools\/wp-json\/wp\/v2\/types\/product"}],"replies":[{"embeddable":true,"href":"http:\/\/engelocgroup.com\/etools\/wp-json\/wp\/v2\/comments?post=1285"}],"wp:featuredmedia":[{"embeddable":true,"href":"http:\/\/engelocgroup.com\/etools\/wp-json\/wp\/v2\/media\/1284"}],"wp:attachment":[{"href":"http:\/\/engelocgroup.com\/etools\/wp-json\/wp\/v2\/media?parent=1285"}],"wp:term":[{"taxonomy":"product_brand","embeddable":true,"href":"http:\/\/engelocgroup.com\/etools\/wp-json\/wp\/v2\/product_brand?post=1285"},{"taxonomy":"product_cat","embeddable":true,"href":"http:\/\/engelocgroup.com\/etools\/wp-json\/wp\/v2\/product_cat?post=1285"},{"taxonomy":"product_tag","embeddable":true,"href":"http:\/\/engelocgroup.com\/etools\/wp-json\/wp\/v2\/product_tag?post=1285"}],"curies":[{"name":"wp","href":"https:\/\/api.w.org\/{rel}","templated":true}]}}