{"id":1287,"date":"2024-09-04T18:04:00","date_gmt":"2024-09-04T18:04:00","guid":{"rendered":"http:\/\/engelocgroup.com\/etools\/produto\/caixa-de-ferramentas-pro-menegotti-135-pc\/"},"modified":"2025-07-04T10:26:23","modified_gmt":"2025-07-04T14:26:23","slug":"caixa-de-ferramentas-pro-menegotti-135-pc","status":"publish","type":"product","link":"http:\/\/engelocgroup.com\/etools\/produto\/caixa-de-ferramentas-pro-menegotti-135-pc\/","title":{"rendered":"CAIXA DE FERRAMENTAS PRO MENEGOTTI 135 P\u00c7"},"content":{"rendered":"<p>Confi\u00e1vel para realizar tarefas com facilidade e efici\u00eancia. Tenha todas as ferramentas essenciais ao alcance das m\u00e3os.<br \/>\nIsso \u00e9 o resultado de mais de 8 d\u00e9cadas de compromisso inabal\u00e1vel com a qualidade e a excel\u00eancia.<\/p>\n<p><strong>\u2022 Conjunto de Ferramentas\u00a0PRO<\/strong><\/p>\n<p>01 Chave Multiuso Catraca<br \/>\n01 Chave de Phillips<br \/>\n01 Chave de Fenda<br \/>\n01 Trena 3m<br \/>\n01 Estilete<br \/>\n04 Chaves de Precis\u00e3o<br \/>\n01 Arco de Serra com L\u00e2mina<br \/>\n01 Chave teste<br \/>\n09 Bits 25mm<br \/>\n01 Bit Adaptador<br \/>\n01 Chave Inglesa 8\u201d<br \/>\n01 Martelo unhas<br \/>\n01 Lanterna (n\u00e3o acompanha pilhas)<br \/>\n09 Soquetes \u00bc\u201d<br \/>\n01 Kit fixadores com 90p\u00e7s<br \/>\n01 Alicate Universal 6\u201d<br \/>\n01 Aliacte de Bico 6\u201d<br \/>\n08 Chaves Hexagonais<br \/>\n01 Fita Isolante<br \/>\n01 Maleta<\/p>\n","protected":false},"excerpt":{"rendered":"<p>Confi\u00e1vel para realizar tarefas com facilidade e efici\u00eancia. Tenha todas as ferramentas essenciais ao alcance das m\u00e3os. Isso \u00e9 o resultado de mais de 8 d\u00e9cadas de compromisso inabal\u00e1vel com a qualidade e a excel\u00eancia. \u2022 Conjunto de Ferramentas\u00a0PRO 01 Chave Multiuso Catraca 01 Chave de Phillips 01 Chave de Fenda 01 Trena 3m 01 [&hellip;]<\/p>\n","protected":false},"featured_media":1286,"comment_status":"open","ping_status":"closed","template":"","meta":[],"product_brand":[],"product_cat":[43],"product_tag":[],"class_list":{"0":"post-1287","1":"product","2":"type-product","3":"status-publish","4":"has-post-thumbnail","6":"product_cat-ferramentas-manuais","8":"first","9":"outofstock","10":"shipping-taxable","11":"purchasable","12":"product-type-simple"},"_links":{"self":[{"href":"http:\/\/engelocgroup.com\/etools\/wp-json\/wp\/v2\/product\/1287","targetHints":{"allow":["GET"]}}],"collection":[{"href":"http:\/\/engelocgroup.com\/etools\/wp-json\/wp\/v2\/product"}],"about":[{"href":"http:\/\/engelocgroup.com\/etools\/wp-json\/wp\/v2\/types\/product"}],"replies":[{"embeddable":true,"href":"http:\/\/engelocgroup.com\/etools\/wp-json\/wp\/v2\/comments?post=1287"}],"wp:featuredmedia":[{"embeddable":true,"href":"http:\/\/engelocgroup.com\/etools\/wp-json\/wp\/v2\/media\/1286"}],"wp:attachment":[{"href":"http:\/\/engelocgroup.com\/etools\/wp-json\/wp\/v2\/media?parent=1287"}],"wp:term":[{"taxonomy":"product_brand","embeddable":true,"href":"http:\/\/engelocgroup.com\/etools\/wp-json\/wp\/v2\/product_brand?post=1287"},{"taxonomy":"product_cat","embeddable":true,"href":"http:\/\/engelocgroup.com\/etools\/wp-json\/wp\/v2\/product_cat?post=1287"},{"taxonomy":"product_tag","embeddable":true,"href":"http:\/\/engelocgroup.com\/etools\/wp-json\/wp\/v2\/product_tag?post=1287"}],"curies":[{"name":"wp","href":"https:\/\/api.w.org\/{rel}","templated":true}]}}