{"id":1289,"date":"2024-09-04T18:04:03","date_gmt":"2024-09-04T18:04:03","guid":{"rendered":"http:\/\/engelocgroup.com\/etools\/produto\/carregador-a-bateria-127-220v-60hz-mbi-20-mpb-21-mfp-21-mpb-12\/"},"modified":"2025-07-07T08:32:58","modified_gmt":"2025-07-07T12:32:58","slug":"carregador-a-bateria-127-220v-60hz-mbi-20-mpb-21-mfp-21-mpb-12","status":"publish","type":"product","link":"http:\/\/engelocgroup.com\/etools\/produto\/carregador-a-bateria-127-220v-60hz-mbi-20-mpb-21-mfp-21-mpb-12\/","title":{"rendered":"CARREGADOR A BATERIA 127 -220V 60HZ &#8211; MBI-20 &#8211; MPB-21 &#8211; MFP-21 &#8211; MPB-12"},"content":{"rendered":"<p><strong>Carregador de Bateria <\/strong><\/p>\n<p>Introduzindo o Carregador Extra Power Menegotti de \u00edons de l\u00edtio \u2013 uma solu\u00e7\u00e3o confi\u00e1vel e eficiente para manter suas ferramentas sempre prontas para o trabalho.<\/p>\n<p>Este carregador \u00e9 projetado para fornecer energia r\u00e1pida e segura para baterias de \u00edons de l\u00edtio, oferecendo uma capacidade de 1,5 amperes para uma recarga r\u00e1pida e conveniente.<\/p>\n<p><strong>Conte\u00fado da embalagem<\/strong><\/p>\n<p>1 \u2013 Carregador<\/p>\n","protected":false},"excerpt":{"rendered":"<p>Carregador de Bateria Introduzindo o Carregador Extra Power Menegotti de \u00edons de l\u00edtio \u2013 uma solu\u00e7\u00e3o confi\u00e1vel e eficiente para manter suas ferramentas sempre prontas para o trabalho. Este carregador \u00e9 projetado para fornecer energia r\u00e1pida e segura para baterias de \u00edons de l\u00edtio, oferecendo uma capacidade de 1,5 amperes para uma recarga r\u00e1pida e [&hellip;]<\/p>\n","protected":false},"featured_media":1288,"comment_status":"open","ping_status":"closed","template":"","meta":[],"product_brand":[],"product_cat":[45],"product_tag":[],"class_list":{"0":"post-1289","1":"product","2":"type-product","3":"status-publish","4":"has-post-thumbnail","6":"product_cat-carregadores","8":"first","9":"instock","10":"shipping-taxable","11":"purchasable","12":"product-type-simple"},"_links":{"self":[{"href":"http:\/\/engelocgroup.com\/etools\/wp-json\/wp\/v2\/product\/1289","targetHints":{"allow":["GET"]}}],"collection":[{"href":"http:\/\/engelocgroup.com\/etools\/wp-json\/wp\/v2\/product"}],"about":[{"href":"http:\/\/engelocgroup.com\/etools\/wp-json\/wp\/v2\/types\/product"}],"replies":[{"embeddable":true,"href":"http:\/\/engelocgroup.com\/etools\/wp-json\/wp\/v2\/comments?post=1289"}],"wp:featuredmedia":[{"embeddable":true,"href":"http:\/\/engelocgroup.com\/etools\/wp-json\/wp\/v2\/media\/1288"}],"wp:attachment":[{"href":"http:\/\/engelocgroup.com\/etools\/wp-json\/wp\/v2\/media?parent=1289"}],"wp:term":[{"taxonomy":"product_brand","embeddable":true,"href":"http:\/\/engelocgroup.com\/etools\/wp-json\/wp\/v2\/product_brand?post=1289"},{"taxonomy":"product_cat","embeddable":true,"href":"http:\/\/engelocgroup.com\/etools\/wp-json\/wp\/v2\/product_cat?post=1289"},{"taxonomy":"product_tag","embeddable":true,"href":"http:\/\/engelocgroup.com\/etools\/wp-json\/wp\/v2\/product_tag?post=1289"}],"curies":[{"name":"wp","href":"https:\/\/api.w.org\/{rel}","templated":true}]}}