{"id":1477,"date":"2024-09-04T18:10:06","date_gmt":"2024-09-04T18:10:06","guid":{"rendered":"http:\/\/engelocgroup.com\/etools\/produto\/esmerilhadeira-meb-20-intercambiavel-127-220v-60hz\/"},"modified":"2025-08-18T12:56:53","modified_gmt":"2025-08-18T16:56:53","slug":"esmerilhadeira-meb-20-intercambiavel-127-220v-60hz","status":"publish","type":"product","link":"http:\/\/engelocgroup.com\/etools\/produto\/esmerilhadeira-meb-20-intercambiavel-127-220v-60hz\/","title":{"rendered":"Esmerilhadeira MEB-20 Intercambiavel 127\/220V 60HZ"},"content":{"rendered":"<p><strong>Esmerilhadeira Intercambi\u00e1vel MEI 20V<br \/><\/strong><br \/>\u00a0\u00a0O cabo deste produto possui um revestimento emborrachado, proporcionando uma pegada mais confort\u00e1vel e segura durante o manuseio. Seu motor \u00e9 do tipo brushless, o que significa que n\u00e3o possui escova de carv\u00e3o, resultando em maior efici\u00eancia e durabilidade.\u00a0<\/p>\n<p>\u00a0\u00a0Essas caracter\u00edsticas tornam este equipamento adequado para uso tanto semiprofissional quanto profissional, atendendo \u00e0s necessidades de diversos tipos de usu\u00e1rios em diferentes contextos de trabalho.<br \/>*N\u00e3o acompanha bateria.<\/p>\n<p><strong>Conte\u00fado da embalagem:<\/strong><br \/>1 \u2013 Empunhadura<br \/>1 \u2013 M\u00e1quina<br \/>1 \u2013 Manual<\/p>\n","protected":false},"excerpt":{"rendered":"<p>Esmerilhadeira Intercambi\u00e1vel MEI 20V\u00a0\u00a0O cabo deste produto possui um revestimento emborrachado, proporcionando uma pegada mais confort\u00e1vel e segura durante o manuseio. Seu motor \u00e9 do tipo brushless, o que significa que n\u00e3o possui escova de carv\u00e3o, resultando em maior efici\u00eancia e durabilidade.\u00a0 \u00a0\u00a0Essas caracter\u00edsticas tornam este equipamento adequado para uso tanto semiprofissional quanto profissional, atendendo [&hellip;]<\/p>\n","protected":false},"featured_media":1476,"comment_status":"open","ping_status":"closed","template":"","meta":[],"product_brand":[],"product_cat":[42],"product_tag":[],"class_list":{"0":"post-1477","1":"product","2":"type-product","3":"status-publish","4":"has-post-thumbnail","6":"product_cat-ferramentas-eletricas","8":"first","9":"outofstock","10":"shipping-taxable","11":"purchasable","12":"product-type-simple"},"_links":{"self":[{"href":"http:\/\/engelocgroup.com\/etools\/wp-json\/wp\/v2\/product\/1477","targetHints":{"allow":["GET"]}}],"collection":[{"href":"http:\/\/engelocgroup.com\/etools\/wp-json\/wp\/v2\/product"}],"about":[{"href":"http:\/\/engelocgroup.com\/etools\/wp-json\/wp\/v2\/types\/product"}],"replies":[{"embeddable":true,"href":"http:\/\/engelocgroup.com\/etools\/wp-json\/wp\/v2\/comments?post=1477"}],"wp:featuredmedia":[{"embeddable":true,"href":"http:\/\/engelocgroup.com\/etools\/wp-json\/wp\/v2\/media\/1476"}],"wp:attachment":[{"href":"http:\/\/engelocgroup.com\/etools\/wp-json\/wp\/v2\/media?parent=1477"}],"wp:term":[{"taxonomy":"product_brand","embeddable":true,"href":"http:\/\/engelocgroup.com\/etools\/wp-json\/wp\/v2\/product_brand?post=1477"},{"taxonomy":"product_cat","embeddable":true,"href":"http:\/\/engelocgroup.com\/etools\/wp-json\/wp\/v2\/product_cat?post=1477"},{"taxonomy":"product_tag","embeddable":true,"href":"http:\/\/engelocgroup.com\/etools\/wp-json\/wp\/v2\/product_tag?post=1477"}],"curies":[{"name":"wp","href":"https:\/\/api.w.org\/{rel}","templated":true}]}}