{"id":1481,"date":"2024-09-04T18:10:11","date_gmt":"2024-09-04T18:10:11","guid":{"rendered":"http:\/\/engelocgroup.com\/etools\/produto\/furadeira-de-impacto-mfi-750w220v-60hz\/"},"modified":"2025-07-07T08:33:37","modified_gmt":"2025-07-07T12:33:37","slug":"furadeira-de-impacto-mfi-750w220v-60hz","status":"publish","type":"product","link":"http:\/\/engelocgroup.com\/etools\/produto\/furadeira-de-impacto-mfi-750w220v-60hz\/","title":{"rendered":"FURADEIRA DE IMPACTO MFI-750W220V 60HZ"},"content":{"rendered":"<p><strong>FURADEIRA DE IMPACTO MFI 750W<br \/><\/strong><br \/>\u00a0 O equipamento vem acompanhado de 2 carv\u00f5es, 1 limitador de profundidade e 1 chave para mandril, proporcionando praticidade no uso. Com capacidade de perfura\u00e7\u00e3o de at\u00e9 13mm em a\u00e7o e concreto, e at\u00e9 20mm em madeira, esta ferramenta \u00e9 vers\u00e1til e eficiente em diversas aplica\u00e7\u00f5es. Possui um interruptor eletr\u00f4nico com pr\u00e9-sele\u00e7\u00e3o de velocidade, garantindo controle preciso durante o trabalho.<\/p>\n<p>\u00a0\u00a0Al\u00e9m disso, oferece fun\u00e7\u00e3o tanto de impacto quanto sem impacto, e conta com um sistema revers\u00edvel para maior conveni\u00eancia. Sua estrutura rolamentada assegura durabilidade e desempenho consistentes, tornando-a adequada para uso semiprofissional e profissional.<\/p>\n<p><strong>Conte\u00fado da embalagem:<br \/><\/strong><br \/>1 \u2013 Mandril<br \/>1 \u2013 Empunhadura lateral<br \/>1 \u2013 M\u00e1quina<br \/>1 \u2013 Manual<\/p>\n","protected":false},"excerpt":{"rendered":"<p>FURADEIRA DE IMPACTO MFI 750W\u00a0 O equipamento vem acompanhado de 2 carv\u00f5es, 1 limitador de profundidade e 1 chave para mandril, proporcionando praticidade no uso. Com capacidade de perfura\u00e7\u00e3o de at\u00e9 13mm em a\u00e7o e concreto, e at\u00e9 20mm em madeira, esta ferramenta \u00e9 vers\u00e1til e eficiente em diversas aplica\u00e7\u00f5es. Possui um interruptor eletr\u00f4nico com [&hellip;]<\/p>\n","protected":false},"featured_media":1480,"comment_status":"open","ping_status":"closed","template":"","meta":[],"product_brand":[],"product_cat":[42],"product_tag":[],"class_list":{"0":"post-1481","1":"product","2":"type-product","3":"status-publish","4":"has-post-thumbnail","6":"product_cat-ferramentas-eletricas","8":"first","9":"outofstock","10":"shipping-taxable","11":"purchasable","12":"product-type-simple"},"_links":{"self":[{"href":"http:\/\/engelocgroup.com\/etools\/wp-json\/wp\/v2\/product\/1481","targetHints":{"allow":["GET"]}}],"collection":[{"href":"http:\/\/engelocgroup.com\/etools\/wp-json\/wp\/v2\/product"}],"about":[{"href":"http:\/\/engelocgroup.com\/etools\/wp-json\/wp\/v2\/types\/product"}],"replies":[{"embeddable":true,"href":"http:\/\/engelocgroup.com\/etools\/wp-json\/wp\/v2\/comments?post=1481"}],"wp:featuredmedia":[{"embeddable":true,"href":"http:\/\/engelocgroup.com\/etools\/wp-json\/wp\/v2\/media\/1480"}],"wp:attachment":[{"href":"http:\/\/engelocgroup.com\/etools\/wp-json\/wp\/v2\/media?parent=1481"}],"wp:term":[{"taxonomy":"product_brand","embeddable":true,"href":"http:\/\/engelocgroup.com\/etools\/wp-json\/wp\/v2\/product_brand?post=1481"},{"taxonomy":"product_cat","embeddable":true,"href":"http:\/\/engelocgroup.com\/etools\/wp-json\/wp\/v2\/product_cat?post=1481"},{"taxonomy":"product_tag","embeddable":true,"href":"http:\/\/engelocgroup.com\/etools\/wp-json\/wp\/v2\/product_tag?post=1481"}],"curies":[{"name":"wp","href":"https:\/\/api.w.org\/{rel}","templated":true}]}}