{"id":1491,"date":"2024-09-04T18:10:22","date_gmt":"2024-09-04T18:10:22","guid":{"rendered":"http:\/\/engelocgroup.com\/etools\/produto\/kit-protecao-de-cremalheira-plastico-preto-400l\/"},"modified":"2025-07-18T09:54:47","modified_gmt":"2025-07-18T13:54:47","slug":"kit-protecao-de-cremalheira-plastico-preto-400l","status":"publish","type":"product","link":"http:\/\/engelocgroup.com\/etools\/produto\/kit-protecao-de-cremalheira-plastico-preto-400l\/","title":{"rendered":"KIT PROTE\u00c7\u00c3O  DE CREMALHEIRA PL\u00c1STICO PRETO 400L"},"content":{"rendered":"","protected":false},"excerpt":{"rendered":"","protected":false},"featured_media":1712,"comment_status":"open","ping_status":"closed","template":"","meta":[],"product_brand":[],"product_cat":[47],"product_tag":[],"class_list":{"0":"post-1491","1":"product","2":"type-product","3":"status-publish","4":"has-post-thumbnail","6":"product_cat-pecas-betoneiras","8":"first","9":"instock","10":"shipping-taxable","11":"purchasable","12":"product-type-simple"},"_links":{"self":[{"href":"http:\/\/engelocgroup.com\/etools\/wp-json\/wp\/v2\/product\/1491","targetHints":{"allow":["GET"]}}],"collection":[{"href":"http:\/\/engelocgroup.com\/etools\/wp-json\/wp\/v2\/product"}],"about":[{"href":"http:\/\/engelocgroup.com\/etools\/wp-json\/wp\/v2\/types\/product"}],"replies":[{"embeddable":true,"href":"http:\/\/engelocgroup.com\/etools\/wp-json\/wp\/v2\/comments?post=1491"}],"wp:featuredmedia":[{"embeddable":true,"href":"http:\/\/engelocgroup.com\/etools\/wp-json\/wp\/v2\/media\/1712"}],"wp:attachment":[{"href":"http:\/\/engelocgroup.com\/etools\/wp-json\/wp\/v2\/media?parent=1491"}],"wp:term":[{"taxonomy":"product_brand","embeddable":true,"href":"http:\/\/engelocgroup.com\/etools\/wp-json\/wp\/v2\/product_brand?post=1491"},{"taxonomy":"product_cat","embeddable":true,"href":"http:\/\/engelocgroup.com\/etools\/wp-json\/wp\/v2\/product_cat?post=1491"},{"taxonomy":"product_tag","embeddable":true,"href":"http:\/\/engelocgroup.com\/etools\/wp-json\/wp\/v2\/product_tag?post=1491"}],"curies":[{"name":"wp","href":"https:\/\/api.w.org\/{rel}","templated":true}]}}