{"id":1523,"date":"2024-09-04T18:11:00","date_gmt":"2024-09-04T18:11:00","guid":{"rendered":"http:\/\/engelocgroup.com\/etools\/produto\/martelo-rompedor-mmr1300-15j-6kg-monofasico-220v-60hz\/"},"modified":"2025-07-14T09:17:42","modified_gmt":"2025-07-14T13:17:42","slug":"martelo-rompedor-mmr1300-15j-6kg-monofasico-220v-60hz","status":"publish","type":"product","link":"http:\/\/engelocgroup.com\/etools\/produto\/martelo-rompedor-mmr1300-15j-6kg-monofasico-220v-60hz\/","title":{"rendered":"MARTELO ROMPEDOR MMR1300 15J 6KG MONOF\u00c1SICO 220V 60HZ"},"content":{"rendered":"<p><strong>Martelo Rompedor MMR1300 15J 6KG<\/strong><\/p>\n<p><strong><br \/><\/strong>Com seu sistema de encaixe tipo SDS MAX, este equipamento permite uma troca r\u00e1pida do acess\u00f3rio, proporcionando efici\u00eancia e agilidade no trabalho.<\/p>\n<p>Al\u00e9m disso, possui um cabo com revestimento emborrachado e um motor com dupla isola\u00e7\u00e3o, garantindo maior seguran\u00e7a durante o uso. Indicado para uso profissional e industrial, este equipamento oferece desempenho confi\u00e1vel e durabilidade em diversas aplica\u00e7\u00f5es.<\/p>\n<p><strong>Conte\u00fado da embalagem:<\/strong><\/p>\n<p>01 Ponteira SDS MAX 18\u00d7320 mm<br \/>01 Talhadeira SDS MAX 25\u00d7320 mm<br \/>01 Chave dois pinos<br \/>02 Escovas de Carv\u00e3o<br \/>01 Bisnaga de Lubrifica\u00e7\u00e3o<br \/>01 Maleta<\/p>\n","protected":false},"excerpt":{"rendered":"<p>Martelo Rompedor MMR1300 15J 6KG Com seu sistema de encaixe tipo SDS MAX, este equipamento permite uma troca r\u00e1pida do acess\u00f3rio, proporcionando efici\u00eancia e agilidade no trabalho. Al\u00e9m disso, possui um cabo com revestimento emborrachado e um motor com dupla isola\u00e7\u00e3o, garantindo maior seguran\u00e7a durante o uso. Indicado para uso profissional e industrial, este equipamento [&hellip;]<\/p>\n","protected":false},"featured_media":1522,"comment_status":"open","ping_status":"closed","template":"","meta":[],"product_brand":[],"product_cat":[42],"product_tag":[],"class_list":{"0":"post-1523","1":"product","2":"type-product","3":"status-publish","4":"has-post-thumbnail","6":"product_cat-ferramentas-eletricas","8":"first","9":"outofstock","10":"shipping-taxable","11":"purchasable","12":"product-type-simple"},"_links":{"self":[{"href":"http:\/\/engelocgroup.com\/etools\/wp-json\/wp\/v2\/product\/1523","targetHints":{"allow":["GET"]}}],"collection":[{"href":"http:\/\/engelocgroup.com\/etools\/wp-json\/wp\/v2\/product"}],"about":[{"href":"http:\/\/engelocgroup.com\/etools\/wp-json\/wp\/v2\/types\/product"}],"replies":[{"embeddable":true,"href":"http:\/\/engelocgroup.com\/etools\/wp-json\/wp\/v2\/comments?post=1523"}],"wp:featuredmedia":[{"embeddable":true,"href":"http:\/\/engelocgroup.com\/etools\/wp-json\/wp\/v2\/media\/1522"}],"wp:attachment":[{"href":"http:\/\/engelocgroup.com\/etools\/wp-json\/wp\/v2\/media?parent=1523"}],"wp:term":[{"taxonomy":"product_brand","embeddable":true,"href":"http:\/\/engelocgroup.com\/etools\/wp-json\/wp\/v2\/product_brand?post=1523"},{"taxonomy":"product_cat","embeddable":true,"href":"http:\/\/engelocgroup.com\/etools\/wp-json\/wp\/v2\/product_cat?post=1523"},{"taxonomy":"product_tag","embeddable":true,"href":"http:\/\/engelocgroup.com\/etools\/wp-json\/wp\/v2\/product_tag?post=1523"}],"curies":[{"name":"wp","href":"https:\/\/api.w.org\/{rel}","templated":true}]}}