{"id":1525,"date":"2024-09-04T18:11:02","date_gmt":"2024-09-04T18:11:02","guid":{"rendered":"http:\/\/engelocgroup.com\/etools\/produto\/martelo-rompedor-mmr1300-15j-8kg-monofasico-220v-60hz\/"},"modified":"2025-07-14T09:17:49","modified_gmt":"2025-07-14T13:17:49","slug":"martelo-rompedor-mmr1300-15j-8kg-monofasico-220v-60hz","status":"publish","type":"product","link":"http:\/\/engelocgroup.com\/etools\/produto\/martelo-rompedor-mmr1300-15j-8kg-monofasico-220v-60hz\/","title":{"rendered":"MARTELO ROMPEDOR MMR1300 15J 8KG MONOFASICO 220V 60HZ"},"content":{"rendered":"<p>O Martelo Rompedor MMR1300 \u2013 15J 8Kg \u00e9 um equipamento muito pr\u00e1tico e de f\u00e1cil utiliza\u00e7\u00e3o.<\/p>\n<p>Equipamento leve, compacto e que pode ser usado das mais diversas formas.<\/p>\n<p>Se destaca pela sua versatilidade e na agilidade que gera na obra.<\/p>\n<p>ACOMPANHA:<br \/>\n01 Ponteira SDS MAX 18\u00d7320 mm<br \/>\n01 Talhadeira SDS MAX 25\u00d7320 mm<br \/>\n01 Chave dois pinos<br \/>\n02 Escovas de Carv\u00e3o<br \/>\n01 Bisnaga de Lubrifica\u00e7\u00e3o<br \/>\n01 Maleta<\/p>\n","protected":false},"excerpt":{"rendered":"<p>O Martelo Rompedor MMR1300 \u2013 15J 8Kg \u00e9 um equipamento muito pr\u00e1tico e de f\u00e1cil utiliza\u00e7\u00e3o. Equipamento leve, compacto e que pode ser usado das mais diversas formas. Se destaca pela sua versatilidade e na agilidade que gera na obra. ACOMPANHA: 01 Ponteira SDS MAX 18\u00d7320 mm 01 Talhadeira SDS MAX 25\u00d7320 mm 01 Chave [&hellip;]<\/p>\n","protected":false},"featured_media":1524,"comment_status":"open","ping_status":"closed","template":"","meta":[],"product_brand":[],"product_cat":[42],"product_tag":[],"class_list":{"0":"post-1525","1":"product","2":"type-product","3":"status-publish","4":"has-post-thumbnail","6":"product_cat-ferramentas-eletricas","8":"first","9":"outofstock","10":"shipping-taxable","11":"purchasable","12":"product-type-simple"},"_links":{"self":[{"href":"http:\/\/engelocgroup.com\/etools\/wp-json\/wp\/v2\/product\/1525","targetHints":{"allow":["GET"]}}],"collection":[{"href":"http:\/\/engelocgroup.com\/etools\/wp-json\/wp\/v2\/product"}],"about":[{"href":"http:\/\/engelocgroup.com\/etools\/wp-json\/wp\/v2\/types\/product"}],"replies":[{"embeddable":true,"href":"http:\/\/engelocgroup.com\/etools\/wp-json\/wp\/v2\/comments?post=1525"}],"wp:featuredmedia":[{"embeddable":true,"href":"http:\/\/engelocgroup.com\/etools\/wp-json\/wp\/v2\/media\/1524"}],"wp:attachment":[{"href":"http:\/\/engelocgroup.com\/etools\/wp-json\/wp\/v2\/media?parent=1525"}],"wp:term":[{"taxonomy":"product_brand","embeddable":true,"href":"http:\/\/engelocgroup.com\/etools\/wp-json\/wp\/v2\/product_brand?post=1525"},{"taxonomy":"product_cat","embeddable":true,"href":"http:\/\/engelocgroup.com\/etools\/wp-json\/wp\/v2\/product_cat?post=1525"},{"taxonomy":"product_tag","embeddable":true,"href":"http:\/\/engelocgroup.com\/etools\/wp-json\/wp\/v2\/product_tag?post=1525"}],"curies":[{"name":"wp","href":"https:\/\/api.w.org\/{rel}","templated":true}]}}